{"id":91,"date":"2024-09-16T17:54:06","date_gmt":"2024-09-16T14:54:06","guid":{"rendered":"https:\/\/inoxyapimalzemeleri.com.tr\/?page_id=91"},"modified":"2024-09-17T15:47:43","modified_gmt":"2024-09-17T12:47:43","slug":"hakkimizda","status":"publish","type":"page","link":"https:\/\/inoxyapimalzemeleri.com.tr\/index.php\/hakkimizda\/","title":{"rendered":"Hakk\u0131m\u0131zda"},"content":{"rendered":"\t\t<div data-elementor-type=\"wp-page\" data-elementor-id=\"91\" class=\"elementor elementor-91\" data-elementor-post-type=\"page\">\n\t\t\t\t<div class=\"elementor-element elementor-element-662f6d9e e-con-full e-flex e-con e-parent\" data-id=\"662f6d9e\" data-element_type=\"container\">\n\t\t<div class=\"elementor-element elementor-element-e504ce e-con-full e-flex e-con e-child\" data-id=\"e504ce\" data-element_type=\"container\">\n\t\t\t\t<div class=\"elementor-element elementor-element-7a78a0b8 elementor-widget elementor-widget-heading\" data-id=\"7a78a0b8\" data-element_type=\"widget\" data-widget_type=\"heading.default\">\n\t\t\t\t<div class=\"elementor-widget-container\">\n\t\t\t\t\t<h1 class=\"elementor-heading-title elementor-size-default\">Biz Kimiz ?<\/h1>\t\t\t\t<\/div>\n\t\t\t\t<\/div>\n\t\t\t\t<div class=\"elementor-element elementor-element-3a5fece0 elementor-widget elementor-widget-text-editor\" data-id=\"3a5fece0\" data-element_type=\"widget\" data-widget_type=\"text-editor.default\">\n\t\t\t\t<div class=\"elementor-widget-container\">\n\t\t\t\t\t\t\t\t\t<p>Inox Yap\u0131, yap\u0131 ve tesisat malzemeleri sekt\u00f6r\u00fcnde y\u0131llar\u0131n verdi\u011fi deneyim ve g\u00fcvenle hizmet veren bir sat\u0131\u015f firmas\u0131d\u0131r. M\u00fc\u015fterilerimize en kaliteli \u00fcr\u00fcnleri, uygun fiyatlarla ve h\u0131zl\u0131 teslimat garantisiyle sunmay\u0131 ilke edindik. Kurulu\u015fumuzdan bu yana, sekt\u00f6r\u00fcn ihtiya\u00e7lar\u0131n\u0131 ve yeniliklerini yak\u0131ndan takip ederek, m\u00fc\u015fterilerimize her zaman en iyi \u00e7\u00f6z\u00fcmleri sunmay\u0131 ama\u00e7lad\u0131k.<\/p><p>Bizimle \u00e7al\u0131\u015fmay\u0131 tercih eden her m\u00fc\u015fteri, sadece malzeme tedarik\u00e7isi de\u011fil, ayn\u0131 zamanda uzun vadeli bir i\u015f orta\u011f\u0131 kazand\u0131\u011f\u0131ndan emin olabilir. Kalitemiz ve m\u00fc\u015fteri memnuniyetine verdi\u011fimiz \u00f6nemle, sekt\u00f6rdeki yerimizi daha da g\u00fc\u00e7lendirmeyi hedefliyoruz.<\/p>\t\t\t\t\t\t\t\t<\/div>\n\t\t\t\t<\/div>\n\t\t\t\t<\/div>\n\t\t<div class=\"elementor-element elementor-element-8924577 e-con-full e-flex e-con e-child\" data-id=\"8924577\" data-element_type=\"container\" data-settings=\"{&quot;background_background&quot;:&quot;classic&quot;}\">\n\t\t\t\t<div class=\"elementor-element elementor-element-4fccb4e2 elementor-widget elementor-widget-image\" data-id=\"4fccb4e2\" data-element_type=\"widget\" data-widget_type=\"image.default\">\n\t\t\t\t<div class=\"elementor-widget-container\">\n\t\t\t\t\t\t\t\t\t\t\t\t\t\t\t<img fetchpriority=\"high\" decoding=\"async\" width=\"800\" height=\"480\" src=\"https:\/\/inoxyapimalzemeleri.com.tr\/wp-content\/uploads\/2024\/09\/inox-yapi-malzemeleri-hakkimizda1-1024x614.jpg\" class=\"attachment-large size-large wp-image-170\" alt=\"Servis\" srcset=\"https:\/\/inoxyapimalzemeleri.com.tr\/wp-content\/uploads\/2024\/09\/inox-yapi-malzemeleri-hakkimizda1-1024x614.jpg 1024w, https:\/\/inoxyapimalzemeleri.com.tr\/wp-content\/uploads\/2024\/09\/inox-yapi-malzemeleri-hakkimizda1-300x180.jpg 300w, https:\/\/inoxyapimalzemeleri.com.tr\/wp-content\/uploads\/2024\/09\/inox-yapi-malzemeleri-hakkimizda1-768x461.jpg 768w, https:\/\/inoxyapimalzemeleri.com.tr\/wp-content\/uploads\/2024\/09\/inox-yapi-malzemeleri-hakkimizda1-1536x922.jpg 1536w, https:\/\/inoxyapimalzemeleri.com.tr\/wp-content\/uploads\/2024\/09\/inox-yapi-malzemeleri-hakkimizda1-2048x1229.jpg 2048w\" sizes=\"(max-width: 800px) 100vw, 800px\" \/>\t\t\t\t\t\t\t\t\t\t\t\t\t\t\t<\/div>\n\t\t\t\t<\/div>\n\t\t\t\t<\/div>\n\t\t\t\t<\/div>\n\t\t<div class=\"elementor-element elementor-element-5bc85ad9 e-flex e-con-boxed e-con e-parent\" data-id=\"5bc85ad9\" data-element_type=\"container\">\n\t\t\t\t\t<div class=\"e-con-inner\">\n\t\t<div class=\"elementor-element elementor-element-790375b e-con-full e-flex e-con e-child\" data-id=\"790375b\" data-element_type=\"container\">\n\t\t\t\t<div class=\"elementor-element elementor-element-582267d3 elementor-widget elementor-widget-image\" data-id=\"582267d3\" data-element_type=\"widget\" data-widget_type=\"image.default\">\n\t\t\t\t<div class=\"elementor-widget-container\">\n\t\t\t\t\t\t\t\t\t\t\t\t\t\t\t<img decoding=\"async\" width=\"800\" height=\"534\" src=\"https:\/\/inoxyapimalzemeleri.com.tr\/wp-content\/uploads\/2024\/09\/inox-yapi-malzemeleri-misyon-1024x683.png\" class=\"attachment-large size-large wp-image-172\" alt=\"Misyon\" srcset=\"https:\/\/inoxyapimalzemeleri.com.tr\/wp-content\/uploads\/2024\/09\/inox-yapi-malzemeleri-misyon-1024x683.png 1024w, https:\/\/inoxyapimalzemeleri.com.tr\/wp-content\/uploads\/2024\/09\/inox-yapi-malzemeleri-misyon-300x200.png 300w, https:\/\/inoxyapimalzemeleri.com.tr\/wp-content\/uploads\/2024\/09\/inox-yapi-malzemeleri-misyon-768x512.png 768w, https:\/\/inoxyapimalzemeleri.com.tr\/wp-content\/uploads\/2024\/09\/inox-yapi-malzemeleri-misyon-1536x1024.png 1536w, https:\/\/inoxyapimalzemeleri.com.tr\/wp-content\/uploads\/2024\/09\/inox-yapi-malzemeleri-misyon-2048x1365.png 2048w\" sizes=\"(max-width: 800px) 100vw, 800px\" \/>\t\t\t\t\t\t\t\t\t\t\t\t\t\t\t<\/div>\n\t\t\t\t<\/div>\n\t\t\t\t<\/div>\n\t\t<div class=\"elementor-element elementor-element-7f1070c8 e-con-full e-flex e-con e-child\" data-id=\"7f1070c8\" data-element_type=\"container\">\n\t\t\t\t<div class=\"elementor-element elementor-element-73544cfb elementor-widget elementor-widget-heading\" data-id=\"73544cfb\" data-element_type=\"widget\" data-widget_type=\"heading.default\">\n\t\t\t\t<div class=\"elementor-widget-container\">\n\t\t\t\t\t<h2 class=\"elementor-heading-title elementor-size-default\">Misyonumuz<\/h2>\t\t\t\t<\/div>\n\t\t\t\t<\/div>\n\t\t\t\t<div class=\"elementor-element elementor-element-10df5cb9 elementor-widget elementor-widget-text-editor\" data-id=\"10df5cb9\" data-element_type=\"widget\" data-widget_type=\"text-editor.default\">\n\t\t\t\t<div class=\"elementor-widget-container\">\n\t\t\t\t\t\t\t\t\t<p>Misyonumuz, sadece \u00fcr\u00fcn sat\u0131\u015f\u0131 yapmak de\u011fil, ayn\u0131 zamanda g\u00fcvenilir bir i\u015f orta\u011f\u0131 olarak sekt\u00f6rdeki i\u015fletmelere destek olmakt\u0131r. Geni\u015f \u00fcr\u00fcn yelpazemiz ve uzman kadromuzla, m\u00fc\u015fterilerimizin her t\u00fcrl\u00fc yap\u0131 ve tesisat malzemesi ihtiyac\u0131n\u0131 kar\u015f\u0131l\u0131yoruz.<\/p>\t\t\t\t\t\t\t\t<\/div>\n\t\t\t\t<\/div>\n\t\t\t\t<\/div>\n\t\t\t\t\t<\/div>\n\t\t\t\t<\/div>\n\t\t<div class=\"elementor-element elementor-element-7b69cb80 e-flex e-con-boxed e-con e-parent\" data-id=\"7b69cb80\" data-element_type=\"container\">\n\t\t\t\t\t<div class=\"e-con-inner\">\n\t\t<div class=\"elementor-element elementor-element-4e2ddd39 e-con-full e-flex e-con e-child\" data-id=\"4e2ddd39\" data-element_type=\"container\">\n\t\t\t\t<div class=\"elementor-element elementor-element-47163e2c elementor-widget elementor-widget-heading\" data-id=\"47163e2c\" data-element_type=\"widget\" data-widget_type=\"heading.default\">\n\t\t\t\t<div class=\"elementor-widget-container\">\n\t\t\t\t\t<h2 class=\"elementor-heading-title elementor-size-default\">Why Choose Us<\/h2>\t\t\t\t<\/div>\n\t\t\t\t<\/div>\n\t\t\t\t<div class=\"elementor-element elementor-element-6a9ac8a3 elementor-widget elementor-widget-text-editor\" data-id=\"6a9ac8a3\" data-element_type=\"widget\" data-widget_type=\"text-editor.default\">\n\t\t\t\t<div class=\"elementor-widget-container\">\n\t\t\t\t\t\t\t\t\t<p>A short paragraph describing what your service offers and how it helps clients. This is your chance to convince the visitor that your business is the right choice for them.<\/p>\t\t\t\t\t\t\t\t<\/div>\n\t\t\t\t<\/div>\n\t\t\t\t<div class=\"elementor-element elementor-element-7923209a elementor-align-left elementor-icon-list--layout-traditional elementor-list-item-link-full_width elementor-widget elementor-widget-icon-list\" data-id=\"7923209a\" data-element_type=\"widget\" data-widget_type=\"icon-list.default\">\n\t\t\t\t<div class=\"elementor-widget-container\">\n\t\t\t\t\t\t\t<ul class=\"elementor-icon-list-items\">\n\t\t\t\t\t\t\t<li class=\"elementor-icon-list-item\">\n\t\t\t\t\t\t\t\t\t\t\t<a href=\"#\">\n\n\t\t\t\t\t\t\t\t\t\t\t\t<span class=\"elementor-icon-list-icon\">\n\t\t\t\t\t\t\t<svg aria-hidden=\"true\" class=\"e-font-icon-svg e-fas-square-full\" viewBox=\"0 0 512 512\" xmlns=\"http:\/\/www.w3.org\/2000\/svg\"><path d=\"M512 512H0V0h512v512z\"><\/path><\/svg>\t\t\t\t\t\t<\/span>\n\t\t\t\t\t\t\t\t\t\t<span class=\"elementor-icon-list-text\">Feature\/Benefit 1<\/span>\n\t\t\t\t\t\t\t\t\t\t\t<\/a>\n\t\t\t\t\t\t\t\t\t<\/li>\n\t\t\t\t\t\t\t\t<li class=\"elementor-icon-list-item\">\n\t\t\t\t\t\t\t\t\t\t\t<a href=\"#\">\n\n\t\t\t\t\t\t\t\t\t\t\t\t<span class=\"elementor-icon-list-icon\">\n\t\t\t\t\t\t\t<svg aria-hidden=\"true\" class=\"e-font-icon-svg e-fas-square-full\" viewBox=\"0 0 512 512\" xmlns=\"http:\/\/www.w3.org\/2000\/svg\"><path d=\"M512 512H0V0h512v512z\"><\/path><\/svg>\t\t\t\t\t\t<\/span>\n\t\t\t\t\t\t\t\t\t\t<span class=\"elementor-icon-list-text\">Feature\/Benefit 2<\/span>\n\t\t\t\t\t\t\t\t\t\t\t<\/a>\n\t\t\t\t\t\t\t\t\t<\/li>\n\t\t\t\t\t\t\t\t<li class=\"elementor-icon-list-item\">\n\t\t\t\t\t\t\t\t\t\t\t<a href=\"#\">\n\n\t\t\t\t\t\t\t\t\t\t\t\t<span class=\"elementor-icon-list-icon\">\n\t\t\t\t\t\t\t<svg aria-hidden=\"true\" class=\"e-font-icon-svg e-fas-square-full\" viewBox=\"0 0 512 512\" xmlns=\"http:\/\/www.w3.org\/2000\/svg\"><path d=\"M512 512H0V0h512v512z\"><\/path><\/svg>\t\t\t\t\t\t<\/span>\n\t\t\t\t\t\t\t\t\t\t<span class=\"elementor-icon-list-text\">Feature\/Benefit 3<\/span>\n\t\t\t\t\t\t\t\t\t\t\t<\/a>\n\t\t\t\t\t\t\t\t\t<\/li>\n\t\t\t\t\t\t\t\t<li class=\"elementor-icon-list-item\">\n\t\t\t\t\t\t\t\t\t\t\t<a href=\"#\">\n\n\t\t\t\t\t\t\t\t\t\t\t\t<span class=\"elementor-icon-list-icon\">\n\t\t\t\t\t\t\t<svg aria-hidden=\"true\" class=\"e-font-icon-svg e-fas-square-full\" viewBox=\"0 0 512 512\" xmlns=\"http:\/\/www.w3.org\/2000\/svg\"><path d=\"M512 512H0V0h512v512z\"><\/path><\/svg>\t\t\t\t\t\t<\/span>\n\t\t\t\t\t\t\t\t\t\t<span class=\"elementor-icon-list-text\">Feature\/Benefit 4<\/span>\n\t\t\t\t\t\t\t\t\t\t\t<\/a>\n\t\t\t\t\t\t\t\t\t<\/li>\n\t\t\t\t\t\t<\/ul>\n\t\t\t\t\t\t<\/div>\n\t\t\t\t<\/div>\n\t\t\t\t<\/div>\n\t\t<div class=\"elementor-element elementor-element-315d128e e-con-full e-flex e-con e-child\" data-id=\"315d128e\" data-element_type=\"container\">\n\t\t\t\t<div class=\"elementor-element elementor-element-22ef3434 elementor-widget elementor-widget-image\" data-id=\"22ef3434\" data-element_type=\"widget\" data-widget_type=\"image.default\">\n\t\t\t\t<div class=\"elementor-widget-container\">\n\t\t\t\t\t\t\t\t\t\t\t\t\t\t\t<img decoding=\"async\" width=\"572\" height=\"491\" src=\"https:\/\/inoxyapimalzemeleri.com.tr\/wp-content\/uploads\/2024\/09\/Img-About-3.jpg\" class=\"attachment-large size-large wp-image-94\" alt=\"\" srcset=\"https:\/\/inoxyapimalzemeleri.com.tr\/wp-content\/uploads\/2024\/09\/Img-About-3.jpg 572w, https:\/\/inoxyapimalzemeleri.com.tr\/wp-content\/uploads\/2024\/09\/Img-About-3-300x258.jpg 300w\" sizes=\"(max-width: 572px) 100vw, 572px\" \/>\t\t\t\t\t\t\t\t\t\t\t\t\t\t\t<\/div>\n\t\t\t\t<\/div>\n\t\t\t\t<\/div>\n\t\t\t\t\t<\/div>\n\t\t\t\t<\/div>\n\t\t\t\t<\/div>\n\t\t","protected":false},"excerpt":{"rendered":"<p>Biz Kimiz ? Inox Yap\u0131, yap\u0131 ve tesisat malzemeleri sekt\u00f6r\u00fcnde y\u0131llar\u0131n verdi\u011fi deneyim ve g\u00fcvenle hizmet veren bir sat\u0131\u015f firmas\u0131d\u0131r. M\u00fc\u015fterilerimize en kaliteli \u00fcr\u00fcnleri, uygun fiyatlarla ve h\u0131zl\u0131 teslimat garantisiyle sunmay\u0131 ilke edindik. Kurulu\u015fumuzdan bu yana, sekt\u00f6r\u00fcn ihtiya\u00e7lar\u0131n\u0131 ve yeniliklerini yak\u0131ndan takip ederek, m\u00fc\u015fterilerimize her zaman en iyi \u00e7\u00f6z\u00fcmleri sunmay\u0131 ama\u00e7lad\u0131k. Bizimle \u00e7al\u0131\u015fmay\u0131 tercih eden [&hellip;]<\/p>\n","protected":false},"author":1,"featured_media":0,"parent":0,"menu_order":0,"comment_status":"closed","ping_status":"closed","template":"","meta":{"_monsterinsights_skip_tracking":false,"_monsterinsights_sitenote_active":false,"_monsterinsights_sitenote_note":"","_monsterinsights_sitenote_category":0,"footnotes":""},"class_list":["post-91","page","type-page","status-publish","hentry"],"aioseo_notices":[],"_links":{"self":[{"href":"https:\/\/inoxyapimalzemeleri.com.tr\/index.php\/wp-json\/wp\/v2\/pages\/91","targetHints":{"allow":["GET"]}}],"collection":[{"href":"https:\/\/inoxyapimalzemeleri.com.tr\/index.php\/wp-json\/wp\/v2\/pages"}],"about":[{"href":"https:\/\/inoxyapimalzemeleri.com.tr\/index.php\/wp-json\/wp\/v2\/types\/page"}],"author":[{"embeddable":true,"href":"https:\/\/inoxyapimalzemeleri.com.tr\/index.php\/wp-json\/wp\/v2\/users\/1"}],"replies":[{"embeddable":true,"href":"https:\/\/inoxyapimalzemeleri.com.tr\/index.php\/wp-json\/wp\/v2\/comments?post=91"}],"version-history":[{"count":10,"href":"https:\/\/inoxyapimalzemeleri.com.tr\/index.php\/wp-json\/wp\/v2\/pages\/91\/revisions"}],"predecessor-version":[{"id":175,"href":"https:\/\/inoxyapimalzemeleri.com.tr\/index.php\/wp-json\/wp\/v2\/pages\/91\/revisions\/175"}],"wp:attachment":[{"href":"https:\/\/inoxyapimalzemeleri.com.tr\/index.php\/wp-json\/wp\/v2\/media?parent=91"}],"curies":[{"name":"wp","href":"https:\/\/api.w.org\/{rel}","templated":true}]}}